{"id":1062,"date":"2020-10-05T12:49:52","date_gmt":"2020-10-05T10:49:52","guid":{"rendered":"http:\/\/clearorg.eu\/produit\/abonnement-a\/"},"modified":"2020-12-04T11:03:12","modified_gmt":"2020-12-04T10:03:12","slug":"abonnement-pr-eu","status":"publish","type":"product","link":"https:\/\/clearorg.eu\/zh-hans\/produit\/abonnement-pr-eu\/","title":{"rendered":"Abonnement PR_EU"},"content":{"rendered":"","protected":false},"excerpt":{"rendered":"<p><strong>Mandat de Personne Responsable pour L\u2019Union Europ\u00e9enne<\/strong><\/p>\n<p>Allemagne, Autriche, Belgique, Bulgarie, Croatie, R\u00e9publique de Chypre, R\u00e9publique Tch\u00e8que, Danemark, Espagne, Estonie, Finlande, France, Gr\u00e8ce, Hongrie, Irelande, Italie, Lettonie, Lituanie, Luxembourg, Malte, Pays-Bas, Pologne, Portugal, Roumanie, Slovakia, Slovenie, Su\u00e8de.<\/p>\n<p>Abonnement mensuel \u00e0 tacite reconduction. Tout mois commenc\u00e9 est d\u00fb dans son int\u00e9gralit\u00e9 quel que soit la date d\u2019adh\u00e9sion ou de r\u00e9siliation. Pr\u00e9avis de 15 jours pour r\u00e9siliation. Paiement \u00e0 la commande. Tout \u00e9chec de pr\u00e9l\u00e8vement entrainera la r\u00e9siliation de l\u2019abonnement \u00e0 effet imm\u00e9diat.<\/p>\n","protected":false},"featured_media":1112,"comment_status":"closed","ping_status":"closed","template":"","meta":[],"product_cat":[83],"product_tag":[],"_links":{"self":[{"href":"https:\/\/clearorg.eu\/zh-hans\/wp-json\/wp\/v2\/product\/1062"}],"collection":[{"href":"https:\/\/clearorg.eu\/zh-hans\/wp-json\/wp\/v2\/product"}],"about":[{"href":"https:\/\/clearorg.eu\/zh-hans\/wp-json\/wp\/v2\/types\/product"}],"replies":[{"embeddable":true,"href":"https:\/\/clearorg.eu\/zh-hans\/wp-json\/wp\/v2\/comments?post=1062"}],"wp:featuredmedia":[{"embeddable":true,"href":"https:\/\/clearorg.eu\/zh-hans\/wp-json\/wp\/v2\/media\/1112"}],"wp:attachment":[{"href":"https:\/\/clearorg.eu\/zh-hans\/wp-json\/wp\/v2\/media?parent=1062"}],"wp:term":[{"taxonomy":"product_cat","embeddable":true,"href":"https:\/\/clearorg.eu\/zh-hans\/wp-json\/wp\/v2\/product_cat?post=1062"},{"taxonomy":"product_tag","embeddable":true,"href":"https:\/\/clearorg.eu\/zh-hans\/wp-json\/wp\/v2\/product_tag?post=1062"}],"curies":[{"name":"wp","href":"https:\/\/api.w.org\/{rel}","templated":true}]}}