{"id":1076,"date":"2020-10-09T18:44:51","date_gmt":"2020-10-09T16:44:51","guid":{"rendered":"http:\/\/clearorg.eu\/produit\/abonnement-c\/"},"modified":"2020-12-19T16:37:49","modified_gmt":"2020-12-19T15:37:49","slug":"abonnement-pr-eu-uk","status":"publish","type":"product","link":"https:\/\/clearorg.eu\/zh-hans\/produit\/abonnement-pr-eu-uk\/","title":{"rendered":"Abonnement PR_EU_UK"},"content":{"rendered":"","protected":false},"excerpt":{"rendered":"<p><strong>Mandat de Personne Responsable pour l\u2019Union Europ\u00e9enne et le Royaume Uni <\/strong><\/p>\n<p>Abonnement mensuel (date \u00e0 date) \u00e0 tacite reconduction. Tout mois commenc\u00e9 est d\u00fb dans son int\u00e9gralit\u00e9 quel que soit la date de r\u00e9siliation. Paiement \u00e0 la commande. Tout \u00e9chec de pr\u00e9l\u00e8vement entrainera la r\u00e9siliation de l\u2019abonnement \u00e0 effet imm\u00e9diat.<\/p>\n","protected":false},"featured_media":1115,"comment_status":"closed","ping_status":"closed","template":"","meta":[],"product_cat":[88],"product_tag":[],"_links":{"self":[{"href":"https:\/\/clearorg.eu\/zh-hans\/wp-json\/wp\/v2\/product\/1076"}],"collection":[{"href":"https:\/\/clearorg.eu\/zh-hans\/wp-json\/wp\/v2\/product"}],"about":[{"href":"https:\/\/clearorg.eu\/zh-hans\/wp-json\/wp\/v2\/types\/product"}],"replies":[{"embeddable":true,"href":"https:\/\/clearorg.eu\/zh-hans\/wp-json\/wp\/v2\/comments?post=1076"}],"wp:featuredmedia":[{"embeddable":true,"href":"https:\/\/clearorg.eu\/zh-hans\/wp-json\/wp\/v2\/media\/1115"}],"wp:attachment":[{"href":"https:\/\/clearorg.eu\/zh-hans\/wp-json\/wp\/v2\/media?parent=1076"}],"wp:term":[{"taxonomy":"product_cat","embeddable":true,"href":"https:\/\/clearorg.eu\/zh-hans\/wp-json\/wp\/v2\/product_cat?post=1076"},{"taxonomy":"product_tag","embeddable":true,"href":"https:\/\/clearorg.eu\/zh-hans\/wp-json\/wp\/v2\/product_tag?post=1076"}],"curies":[{"name":"wp","href":"https:\/\/api.w.org\/{rel}","templated":true}]}}